{"id":19703,"date":"2024-05-15T11:45:35","date_gmt":"2024-05-15T11:45:35","guid":{"rendered":"https:\/\/smjweb.com\/jfweb\/?page_id=19703"},"modified":"2024-06-21T10:22:36","modified_gmt":"2024-06-21T10:22:36","slug":"contact","status":"publish","type":"page","link":"https:\/\/nelsonjf.com\/fr\/contact\/","title":{"rendered":"contact"},"content":{"rendered":"\t\t<div data-elementor-type=\"wp-page\" data-elementor-id=\"19703\" class=\"elementor elementor-19703\">\n\t\t\t\t\t\t<section class=\"elementor-section elementor-top-section elementor-element elementor-element-4a9f0e6c elementor-section-full_width elementor-section-height-default elementor-section-height-default\" data-id=\"4a9f0e6c\" data-element_type=\"section\" data-e-type=\"section\">\n\t\t\t\t\t\t<div class=\"elementor-container elementor-column-gap-no\">\n\t\t\t\t\t<div class=\"elementor-column elementor-col-33 elementor-top-column elementor-element elementor-element-433b47a2 elementor-hidden-desktop elementor-hidden-tablet elementor-hidden-mobile\" data-id=\"433b47a2\" data-element_type=\"column\" data-e-type=\"column\" data-settings=\"{&quot;background_background&quot;:&quot;classic&quot;}\">\n\t\t\t<div class=\"elementor-widget-wrap elementor-element-populated\">\n\t\t\t\t\t\t<div class=\"elementor-element elementor-element-1a6c9fde elementor-hidden-desktop elementor-hidden-tablet elementor-hidden-mobile elementor-widget elementor-widget-rs-contact-box\" data-id=\"1a6c9fde\" data-element_type=\"widget\" data-e-type=\"widget\" data-widget_type=\"rs-contact-box.default\">\n\t\t\t\t<div class=\"elementor-widget-container\">\n\t\t\t\t\t\t\t\n\n\t\t<!-- Style 1 Start -->\n\t\t<div class=\"rs-contact-box\">\n\n\t\t\t\t\t\t<div class=\"address-item vertical boxstyle1\">\n\n\t\t\t\t\t\t\t            <div class=\"address-icon\">\n\t\t            \t\t\t            \t\t<img decoding=\"async\" src=\"https:\/\/smjweb.com\/jfweb\/wp-content\/uploads\/2024\/02\/call-copy.png\" \/>\n\t\t            \t\t\t            <\/div>\n\t\t            \n\t\t            <div class=\"address-text\">\n\t\t            \t\t\t            \t<div class=\"text\">\n\t\t            \t\t\t\t            \t\t <span class=\"label\">Num\u00e9ro de t\u00e9l\u00e9phone<\/span>\n\t\t            \t\t\t\t            \t\t\t\t            \t\t<span class=\"des\">\n\t\t\t\t                +1 613-410-2763\t\t\t\t            <\/span>\n\t\t\t\t            \t\t\t            <\/div>\n\t\t\t       \t\t\n\n\t\t            \t\n\n\t\t            \t\t\t            <\/div>\n\t\t        <\/div>\n\t\t\t\t\t<\/div>\n\n\t<!-- Style 1 End -->\t\n\t\t\n\t\t\t\t\t<\/div>\n\t\t\t\t<\/div>\n\t\t\t\t\t<\/div>\n\t\t<\/div>\n\t\t\t\t<div class=\"elementor-column elementor-col-33 elementor-top-column elementor-element elementor-element-1d1bf72b\" data-id=\"1d1bf72b\" data-element_type=\"column\" data-e-type=\"column\" data-settings=\"{&quot;background_background&quot;:&quot;classic&quot;}\">\n\t\t\t<div class=\"elementor-widget-wrap elementor-element-populated\">\n\t\t\t\t\t\t<div class=\"elementor-element elementor-element-28e42e08 elementor-widget elementor-widget-rs-contact-box\" data-id=\"28e42e08\" data-element_type=\"widget\" data-e-type=\"widget\" data-widget_type=\"rs-contact-box.default\">\n\t\t\t\t<div class=\"elementor-widget-container\">\n\t\t\t\t\t\t\t\n\n\t\t<!-- Style 1 Start -->\n\t\t<div class=\"rs-contact-box\">\n\n\t\t\t\t\t\t<div class=\"address-item vertical boxstyle1\">\n\n\t\t\t\t\t\t\t            <div class=\"address-icon\">\n\t\t            \t\t\t            \t\t<img decoding=\"async\" src=\"https:\/\/nelsonjf.com\/wp-content\/uploads\/2024\/02\/gmail-copy.png\" \/>\n\t\t            \t\t\t            <\/div>\n\t\t            \n\t\t            <div class=\"address-text\">\n\t\t            \t\t\t            \t<div class=\"text\">\n\t\t            \t\t\t\t            \t\t <span class=\"label\">Adresse e-mail<\/span>\n\t\t            \t\t\t\t            \t\t\t\t            \t\t<span class=\"des\">\n\t\t\t\t                nelsonjeanfrancois@gmail.com\t\t\t\t            <\/span>\n\t\t\t\t            \t\t\t            <\/div>\n\t\t\t       \t\t\n\n\t\t            \t\n\n\t\t            \t\t\t            <\/div>\n\t\t        <\/div>\n\t\t\t\t\t<\/div>\n\n\t<!-- Style 1 End -->\t\n\t\t\n\t\t\t\t\t<\/div>\n\t\t\t\t<\/div>\n\t\t\t\t\t<\/div>\n\t\t<\/div>\n\t\t\t\t<div class=\"elementor-column elementor-col-33 elementor-top-column elementor-element elementor-element-2af427d1\" data-id=\"2af427d1\" data-element_type=\"column\" data-e-type=\"column\" data-settings=\"{&quot;background_background&quot;:&quot;classic&quot;}\">\n\t\t\t<div class=\"elementor-widget-wrap elementor-element-populated\">\n\t\t\t\t\t\t<div class=\"elementor-element elementor-element-91b4853 elementor-widget elementor-widget-rs-contact-box\" data-id=\"91b4853\" data-element_type=\"widget\" data-e-type=\"widget\" data-widget_type=\"rs-contact-box.default\">\n\t\t\t\t<div class=\"elementor-widget-container\">\n\t\t\t\t\t\t\t\n\n\t\t<!-- Style 1 Start -->\n\t\t<div class=\"rs-contact-box\">\n\n\t\t\t\t\t\t<div class=\"address-item vertical boxstyle1\">\n\n\t\t\t\t\t\t\t            <div class=\"address-icon\">\n\t\t            \t\t\t            \t\t<img decoding=\"async\" src=\"https:\/\/nelsonjf.com\/wp-content\/uploads\/2024\/02\/location-copy.png\" \/>\n\t\t            \t\t\t            <\/div>\n\t\t            \n\t\t            <div class=\"address-text\">\n\t\t            \t\t\t            \t<div class=\"text\">\n\t\t            \t\t\t\t            \t\t <span class=\"label\">Emplacement<\/span>\n\t\t            \t\t\t\t            \t\t\t\t            \t\t<span class=\"des\">\n\t\t\t\t                Ottawa, Canada\t\t\t\t            <\/span>\n\t\t\t\t            \t\t\t            <\/div>\n\t\t\t       \t\t\n\n\t\t            \t\n\n\t\t            \t\t\t            <\/div>\n\t\t        <\/div>\n\t\t\t\t\t<\/div>\n\n\t<!-- Style 1 End -->\t\n\t\t\n\t\t\t\t\t<\/div>\n\t\t\t\t<\/div>\n\t\t\t\t\t<\/div>\n\t\t<\/div>\n\t\t\t\t\t<\/div>\n\t\t<\/section>\n\t\t\t\t<section class=\"elementor-section elementor-top-section elementor-element elementor-element-6631a3f2 elementor-section-content-top elementor-section-boxed elementor-section-height-default elementor-section-height-default\" data-id=\"6631a3f2\" data-element_type=\"section\" data-e-type=\"section\" data-settings=\"{&quot;background_background&quot;:&quot;classic&quot;}\">\n\t\t\t\t\t\t<div class=\"elementor-container elementor-column-gap-default\">\n\t\t\t\t\t<div class=\"elementor-column elementor-col-50 elementor-top-column elementor-element elementor-element-42439bcc\" data-id=\"42439bcc\" data-element_type=\"column\" data-e-type=\"column\" data-settings=\"{&quot;background_background&quot;:&quot;classic&quot;}\">\n\t\t\t<div class=\"elementor-widget-wrap\">\n\t\t\t\t\t\t\t<\/div>\n\t\t<\/div>\n\t\t\t\t<div class=\"elementor-column elementor-col-50 elementor-top-column elementor-element elementor-element-da675b\" data-id=\"da675b\" data-element_type=\"column\" data-e-type=\"column\" data-settings=\"{&quot;background_background&quot;:&quot;classic&quot;}\">\n\t\t\t<div class=\"elementor-widget-wrap elementor-element-populated\">\n\t\t\t\t\t<div class=\"elementor-background-overlay\"><\/div>\n\t\t\t\t\t\t<section class=\"elementor-section elementor-inner-section elementor-element elementor-element-76c4e7e9 elementor-section-boxed elementor-section-height-default elementor-section-height-default\" data-id=\"76c4e7e9\" data-element_type=\"section\" data-e-type=\"section\">\n\t\t\t\t\t\t<div class=\"elementor-container elementor-column-gap-default\">\n\t\t\t\t\t<div class=\"elementor-column elementor-col-100 elementor-inner-column elementor-element elementor-element-421faa97\" data-id=\"421faa97\" data-element_type=\"column\" data-e-type=\"column\">\n\t\t\t<div class=\"elementor-widget-wrap elementor-element-populated\">\n\t\t\t\t\t\t<div class=\"elementor-element elementor-element-34f91a38 elementor-widget elementor-widget-rs-heading\" data-id=\"34f91a38\" data-element_type=\"widget\" data-e-type=\"widget\" data-widget_type=\"rs-heading.default\">\n\t\t\t\t<div class=\"elementor-widget-container\">\n\t\t\t\t\t        <div class=\"rs-heading default  \">\n        \t<div class=\"title-inner\">\n        \t\t      \t\t\n\t            <span class=\"sub-text \">Parlons<\/span><h2 class=\"title\"><span class=\"watermark\"><\/span>Contactez moi<\/h2>\t        <\/div>\n\t                    \t<div class=\"description\">\n            \t\t<p>Si vous souhaitez parler d'un projet, de notre travail ou de toute autre chose, contactez-nous.<\/p>            \t\t\n            \t<\/div>\n        \t        <\/div>\n\n        \t\t\t\t<\/div>\n\t\t\t\t<\/div>\n\t\t\t\t<div class=\"elementor-element elementor-element-6b94e25 elementor-widget elementor-widget-rs-cf7\" data-id=\"6b94e25\" data-element_type=\"widget\" data-e-type=\"widget\" data-widget_type=\"rs-cf7.default\">\n\t\t\t\t<div class=\"elementor-widget-container\">\n\t\t\t\t\t\n<div class=\"wpcf7 no-js\" id=\"wpcf7-f19366-o1\" lang=\"en-US\" dir=\"ltr\" data-wpcf7-id=\"19366\">\n<div class=\"screen-reader-response\"><p role=\"status\" aria-live=\"polite\" aria-atomic=\"true\"><\/p> <ul><\/ul><\/div>\n<form action=\"\/fr\/wp-json\/wp\/v2\/pages\/19703#wpcf7-f19366-o1\" method=\"post\" class=\"wpcf7-form init\" aria-label=\"Contact form\" novalidate=\"novalidate\" data-status=\"init\">\n<fieldset class=\"hidden-fields-container\"><input type=\"hidden\" name=\"_wpcf7\" value=\"19366\" \/><input type=\"hidden\" name=\"_wpcf7_version\" value=\"6.1.5\" \/><input type=\"hidden\" name=\"_wpcf7_locale\" value=\"en_US\" \/><input type=\"hidden\" name=\"_wpcf7_unit_tag\" value=\"wpcf7-f19366-o1\" \/><input type=\"hidden\" name=\"_wpcf7_container_post\" value=\"0\" \/><input type=\"hidden\" name=\"_wpcf7_posted_data_hash\" value=\"\" \/>\n<\/fieldset>\n<div class=\"row\">\n\t<div class=\"col-sm-6 nom\">\n\t\t<p><span class=\"wpcf7-form-control-wrap\" data-name=\"your-name\"><input size=\"40\" maxlength=\"400\" class=\"wpcf7-form-control wpcf7-text wpcf7-validates-as-required p-2 text-dark bg-light\" aria-required=\"true\" aria-invalid=\"false\" placeholder=\"Nom\" value=\"\" type=\"text\" name=\"your-name\" \/><\/span>\n\t\t<\/p>\n\t<\/div>\n\t<div class=\"col-sm-6 mail\">\n\t\t<p><span class=\"wpcf7-form-control-wrap\" data-name=\"your-email\"><input size=\"40\" maxlength=\"400\" class=\"wpcf7-form-control wpcf7-email wpcf7-validates-as-required wpcf7-text wpcf7-validates-as-email p-2 text-dark bg-light\" aria-required=\"true\" aria-invalid=\"false\" placeholder=\"E-Mail\" value=\"\" type=\"email\" name=\"your-email\" \/><\/span>\n\t\t<\/p>\n\t<\/div>\n\t<div class=\"col-sm-12 tex\">\n\t\t<p><span class=\"wpcf7-form-control-wrap\" data-name=\"your-message\"><textarea cols=\"40\" rows=\"10\" maxlength=\"2000\" class=\"wpcf7-form-control wpcf7-textarea text-dark bg-light\" aria-invalid=\"false\" placeholder=\"Votre message ici\" name=\"your-message\"><\/textarea><\/span>\n\t\t<\/p>\n\t<\/div>\n\t<div class=\"form-button col-sm-12\">\n\t\t<p class=\"submit-btn\"><input class=\"wpcf7-form-control wpcf7-submit has-spinner\" type=\"submit\" value=\"Soumettre maintenant\" \/>\n\t\t<\/p>\n\t<\/div>\n<\/div><div class=\"wpcf7-response-output\" aria-hidden=\"true\"><\/div>\n<\/form>\n<\/div>\n\t\t\t\t<\/div>\n\t\t\t\t<\/div>\n\t\t\t\t\t<\/div>\n\t\t<\/div>\n\t\t\t\t\t<\/div>\n\t\t<\/section>\n\t\t\t\t\t<\/div>\n\t\t<\/div>\n\t\t\t\t\t<\/div>\n\t\t<\/section>\n\t\t\t\t<section class=\"elementor-section elementor-top-section elementor-element elementor-element-660594a4 elementor-section-stretched elementor-section-full_width elementor-section-height-default elementor-section-height-default\" data-id=\"660594a4\" data-element_type=\"section\" data-e-type=\"section\" data-settings=\"{&quot;stretch_section&quot;:&quot;section-stretched&quot;}\">\n\t\t\t\t\t\t<div class=\"elementor-container elementor-column-gap-default\">\n\t\t\t\t\t<div class=\"elementor-column elementor-col-100 elementor-top-column elementor-element elementor-element-7e575ef8\" data-id=\"7e575ef8\" data-element_type=\"column\" data-e-type=\"column\">\n\t\t\t<div class=\"elementor-widget-wrap elementor-element-populated\">\n\t\t\t\t\t\t<div class=\"elementor-element elementor-element-16edc54b elementor-widget elementor-widget-google_maps\" data-id=\"16edc54b\" data-element_type=\"widget\" data-e-type=\"widget\" data-widget_type=\"google_maps.default\">\n\t\t\t\t<div class=\"elementor-widget-container\">\n\t\t\t\t\t\t\t<div class=\"elementor-custom-embed\">\n\t\t\t<iframe loading=\"lazy\"\n\t\t\t\t\tsrc=\"https:\/\/maps.google.com\/maps?q=1793%20Bottriell%20Way&#038;t=m&#038;z=10&#038;output=embed&#038;iwloc=near\"\n\t\t\t\t\ttitle=\"1793 Bottriell Way\"\n\t\t\t\t\taria-label=\"1793 Bottriell Way\"\n\t\t\t><\/iframe>\n\t\t<\/div>\n\t\t\t\t\t\t<\/div>\n\t\t\t\t<\/div>\n\t\t\t\t\t<\/div>\n\t\t<\/div>\n\t\t\t\t\t<\/div>\n\t\t<\/section>\n\t\t\t\t<\/div>\n\t\t","protected":false},"excerpt":{"rendered":"<p>Num\u00e9ro de t\u00e9l\u00e9phone +1 613-410-2763 Adresse e-mail nelsonjeanfrancois@gmail.com Emplacement Ottawa, Canada Parlons Contactez moi Si vous souhaitez parler d&#8217;un projet, de notre travail ou de toute autre chose, contactez-nous.<\/p>\n","protected":false},"author":1,"featured_media":0,"parent":0,"menu_order":0,"comment_status":"closed","ping_status":"closed","template":"","meta":{"_acf_changed":false,"om_disable_all_campaigns":false,"footnotes":""},"class_list":["post-19703","page","type-page","status-publish","hentry"],"acf":[],"yoast_head":"<!-- This site is optimized with the Yoast SEO plugin v27.3 - https:\/\/yoast.com\/product\/yoast-seo-wordpress\/ -->\n<title>contact - JF Web<\/title>\n<meta name=\"robots\" content=\"index, follow, max-snippet:-1, max-image-preview:large, max-video-preview:-1\" \/>\n<link rel=\"canonical\" href=\"https:\/\/nelsonjf.com\/fr\/contact\/\" \/>\n<meta property=\"og:locale\" content=\"fr_FR\" \/>\n<meta property=\"og:type\" content=\"article\" \/>\n<meta property=\"og:title\" content=\"contact - JF Web\" \/>\n<meta property=\"og:description\" content=\"Num\u00e9ro de t\u00e9l\u00e9phone +1 613-410-2763 Adresse e-mail nelsonjeanfrancois@gmail.com Emplacement Ottawa, Canada Parlons Contactez moi Si vous souhaitez parler d&#8217;un projet, de notre travail ou de toute autre chose, contactez-nous.\" \/>\n<meta property=\"og:url\" content=\"https:\/\/nelsonjf.com\/fr\/contact\/\" \/>\n<meta property=\"og:site_name\" content=\"JF Web\" \/>\n<meta property=\"article:modified_time\" content=\"2024-06-21T10:22:36+00:00\" \/>\n<meta property=\"og:image\" content=\"https:\/\/smjweb.com\/jfweb\/wp-content\/uploads\/2024\/02\/call-copy.png\" \/>\n<meta name=\"twitter:card\" content=\"summary_large_image\" \/>\n<meta name=\"twitter:label1\" content=\"Dur\u00e9e de lecture estim\u00e9e\" \/>\n\t<meta name=\"twitter:data1\" content=\"1 minute\" \/>\n<script type=\"application\/ld+json\" class=\"yoast-schema-graph\">{\"@context\":\"https:\\\/\\\/schema.org\",\"@graph\":[{\"@type\":\"WebPage\",\"@id\":\"https:\\\/\\\/nelsonjf.com\\\/fr\\\/contact\\\/\",\"url\":\"https:\\\/\\\/nelsonjf.com\\\/fr\\\/contact\\\/\",\"name\":\"contact - JF Web\",\"isPartOf\":{\"@id\":\"https:\\\/\\\/nelsonjf.com\\\/fr\\\/#website\"},\"primaryImageOfPage\":{\"@id\":\"https:\\\/\\\/nelsonjf.com\\\/fr\\\/contact\\\/#primaryimage\"},\"image\":{\"@id\":\"https:\\\/\\\/nelsonjf.com\\\/fr\\\/contact\\\/#primaryimage\"},\"thumbnailUrl\":\"https:\\\/\\\/smjweb.com\\\/jfweb\\\/wp-content\\\/uploads\\\/2024\\\/02\\\/call-copy.png\",\"datePublished\":\"2024-05-15T11:45:35+00:00\",\"dateModified\":\"2024-06-21T10:22:36+00:00\",\"breadcrumb\":{\"@id\":\"https:\\\/\\\/nelsonjf.com\\\/fr\\\/contact\\\/#breadcrumb\"},\"inLanguage\":\"fr-FR\",\"potentialAction\":[{\"@type\":\"ReadAction\",\"target\":[\"https:\\\/\\\/nelsonjf.com\\\/fr\\\/contact\\\/\"]}]},{\"@type\":\"ImageObject\",\"inLanguage\":\"fr-FR\",\"@id\":\"https:\\\/\\\/nelsonjf.com\\\/fr\\\/contact\\\/#primaryimage\",\"url\":\"https:\\\/\\\/smjweb.com\\\/jfweb\\\/wp-content\\\/uploads\\\/2024\\\/02\\\/call-copy.png\",\"contentUrl\":\"https:\\\/\\\/smjweb.com\\\/jfweb\\\/wp-content\\\/uploads\\\/2024\\\/02\\\/call-copy.png\"},{\"@type\":\"BreadcrumbList\",\"@id\":\"https:\\\/\\\/nelsonjf.com\\\/fr\\\/contact\\\/#breadcrumb\",\"itemListElement\":[{\"@type\":\"ListItem\",\"position\":1,\"name\":\"Home\",\"item\":\"https:\\\/\\\/nelsonjf.com\\\/fr\\\/\"},{\"@type\":\"ListItem\",\"position\":2,\"name\":\"contact\"}]},{\"@type\":\"WebSite\",\"@id\":\"https:\\\/\\\/nelsonjf.com\\\/fr\\\/#website\",\"url\":\"https:\\\/\\\/nelsonjf.com\\\/fr\\\/\",\"name\":\"JF Web\",\"description\":\"My WordPress Blog\",\"publisher\":{\"@id\":\"https:\\\/\\\/nelsonjf.com\\\/fr\\\/#organization\"},\"potentialAction\":[{\"@type\":\"SearchAction\",\"target\":{\"@type\":\"EntryPoint\",\"urlTemplate\":\"https:\\\/\\\/nelsonjf.com\\\/fr\\\/?s={search_term_string}\"},\"query-input\":{\"@type\":\"PropertyValueSpecification\",\"valueRequired\":true,\"valueName\":\"search_term_string\"}}],\"inLanguage\":\"fr-FR\"},{\"@type\":\"Organization\",\"@id\":\"https:\\\/\\\/nelsonjf.com\\\/fr\\\/#organization\",\"name\":\"JF Web\",\"url\":\"https:\\\/\\\/nelsonjf.com\\\/fr\\\/\",\"logo\":{\"@type\":\"ImageObject\",\"inLanguage\":\"fr-FR\",\"@id\":\"https:\\\/\\\/nelsonjf.com\\\/fr\\\/#\\\/schema\\\/logo\\\/image\\\/\",\"url\":\"https:\\\/\\\/nelsonjf.com\\\/wp-content\\\/uploads\\\/2024\\\/04\\\/Nelson-JF-LOGO-FRENCH-02-1.png\",\"contentUrl\":\"https:\\\/\\\/nelsonjf.com\\\/wp-content\\\/uploads\\\/2024\\\/04\\\/Nelson-JF-LOGO-FRENCH-02-1.png\",\"width\":6250,\"height\":2500,\"caption\":\"JF Web\"},\"image\":{\"@id\":\"https:\\\/\\\/nelsonjf.com\\\/fr\\\/#\\\/schema\\\/logo\\\/image\\\/\"},\"sameAs\":[\"https:\\\/\\\/www.linkedin.com\\\/company\\\/nelsonjf-consulting-inc\\\/?viewAsMember=true\"]}]}<\/script>\n<!-- \/ Yoast SEO plugin. -->","yoast_head_json":{"title":"contact - JF Web","robots":{"index":"index","follow":"follow","max-snippet":"max-snippet:-1","max-image-preview":"max-image-preview:large","max-video-preview":"max-video-preview:-1"},"canonical":"https:\/\/nelsonjf.com\/fr\/contact\/","og_locale":"fr_FR","og_type":"article","og_title":"contact - JF Web","og_description":"Num\u00e9ro de t\u00e9l\u00e9phone +1 613-410-2763 Adresse e-mail nelsonjeanfrancois@gmail.com Emplacement Ottawa, Canada Parlons Contactez moi Si vous souhaitez parler d&#8217;un projet, de notre travail ou de toute autre chose, contactez-nous.","og_url":"https:\/\/nelsonjf.com\/fr\/contact\/","og_site_name":"JF Web","article_modified_time":"2024-06-21T10:22:36+00:00","og_image":[{"url":"https:\/\/smjweb.com\/jfweb\/wp-content\/uploads\/2024\/02\/call-copy.png","type":"","width":"","height":""}],"twitter_card":"summary_large_image","twitter_misc":{"Dur\u00e9e de lecture estim\u00e9e":"1 minute"},"schema":{"@context":"https:\/\/schema.org","@graph":[{"@type":"WebPage","@id":"https:\/\/nelsonjf.com\/fr\/contact\/","url":"https:\/\/nelsonjf.com\/fr\/contact\/","name":"contact - JF Web","isPartOf":{"@id":"https:\/\/nelsonjf.com\/fr\/#website"},"primaryImageOfPage":{"@id":"https:\/\/nelsonjf.com\/fr\/contact\/#primaryimage"},"image":{"@id":"https:\/\/nelsonjf.com\/fr\/contact\/#primaryimage"},"thumbnailUrl":"https:\/\/smjweb.com\/jfweb\/wp-content\/uploads\/2024\/02\/call-copy.png","datePublished":"2024-05-15T11:45:35+00:00","dateModified":"2024-06-21T10:22:36+00:00","breadcrumb":{"@id":"https:\/\/nelsonjf.com\/fr\/contact\/#breadcrumb"},"inLanguage":"fr-FR","potentialAction":[{"@type":"ReadAction","target":["https:\/\/nelsonjf.com\/fr\/contact\/"]}]},{"@type":"ImageObject","inLanguage":"fr-FR","@id":"https:\/\/nelsonjf.com\/fr\/contact\/#primaryimage","url":"https:\/\/smjweb.com\/jfweb\/wp-content\/uploads\/2024\/02\/call-copy.png","contentUrl":"https:\/\/smjweb.com\/jfweb\/wp-content\/uploads\/2024\/02\/call-copy.png"},{"@type":"BreadcrumbList","@id":"https:\/\/nelsonjf.com\/fr\/contact\/#breadcrumb","itemListElement":[{"@type":"ListItem","position":1,"name":"Home","item":"https:\/\/nelsonjf.com\/fr\/"},{"@type":"ListItem","position":2,"name":"contact"}]},{"@type":"WebSite","@id":"https:\/\/nelsonjf.com\/fr\/#website","url":"https:\/\/nelsonjf.com\/fr\/","name":"JF Web","description":"My WordPress Blog","publisher":{"@id":"https:\/\/nelsonjf.com\/fr\/#organization"},"potentialAction":[{"@type":"SearchAction","target":{"@type":"EntryPoint","urlTemplate":"https:\/\/nelsonjf.com\/fr\/?s={search_term_string}"},"query-input":{"@type":"PropertyValueSpecification","valueRequired":true,"valueName":"search_term_string"}}],"inLanguage":"fr-FR"},{"@type":"Organization","@id":"https:\/\/nelsonjf.com\/fr\/#organization","name":"JF Web","url":"https:\/\/nelsonjf.com\/fr\/","logo":{"@type":"ImageObject","inLanguage":"fr-FR","@id":"https:\/\/nelsonjf.com\/fr\/#\/schema\/logo\/image\/","url":"https:\/\/nelsonjf.com\/wp-content\/uploads\/2024\/04\/Nelson-JF-LOGO-FRENCH-02-1.png","contentUrl":"https:\/\/nelsonjf.com\/wp-content\/uploads\/2024\/04\/Nelson-JF-LOGO-FRENCH-02-1.png","width":6250,"height":2500,"caption":"JF Web"},"image":{"@id":"https:\/\/nelsonjf.com\/fr\/#\/schema\/logo\/image\/"},"sameAs":["https:\/\/www.linkedin.com\/company\/nelsonjf-consulting-inc\/?viewAsMember=true"]}]}},"_links":{"self":[{"href":"https:\/\/nelsonjf.com\/fr\/wp-json\/wp\/v2\/pages\/19703","targetHints":{"allow":["GET"]}}],"collection":[{"href":"https:\/\/nelsonjf.com\/fr\/wp-json\/wp\/v2\/pages"}],"about":[{"href":"https:\/\/nelsonjf.com\/fr\/wp-json\/wp\/v2\/types\/page"}],"author":[{"embeddable":true,"href":"https:\/\/nelsonjf.com\/fr\/wp-json\/wp\/v2\/users\/1"}],"replies":[{"embeddable":true,"href":"https:\/\/nelsonjf.com\/fr\/wp-json\/wp\/v2\/comments?post=19703"}],"version-history":[{"count":22,"href":"https:\/\/nelsonjf.com\/fr\/wp-json\/wp\/v2\/pages\/19703\/revisions"}],"predecessor-version":[{"id":19912,"href":"https:\/\/nelsonjf.com\/fr\/wp-json\/wp\/v2\/pages\/19703\/revisions\/19912"}],"wp:attachment":[{"href":"https:\/\/nelsonjf.com\/fr\/wp-json\/wp\/v2\/media?parent=19703"}],"curies":[{"name":"wp","href":"https:\/\/api.w.org\/{rel}","templated":true}]}}