{"id":18275,"date":"2023-07-18T20:41:17","date_gmt":"2023-07-18T20:41:17","guid":{"rendered":"https:\/\/smjweb.com\/jfweb\/nelson-jf\/"},"modified":"2026-03-08T21:24:58","modified_gmt":"2026-03-08T21:24:58","slug":"nelson-jf","status":"publish","type":"page","link":"https:\/\/nelsonjf.com\/fr\/nelson-jf\/","title":{"rendered":"Nelson JF"},"content":{"rendered":"\t\t<div data-elementor-type=\"wp-page\" data-elementor-id=\"18275\" class=\"elementor elementor-18275 elementor-13441\">\n\t\t\t\t\t\t<section class=\"elementor-section elementor-top-section elementor-element elementor-element-e70c076 elementor-section-boxed elementor-section-height-default elementor-section-height-default\" data-id=\"e70c076\" data-element_type=\"section\" data-e-type=\"section\">\n\t\t\t\t\t\t<div class=\"elementor-container elementor-column-gap-default\">\n\t\t\t\t\t<div class=\"elementor-column elementor-col-50 elementor-top-column elementor-element elementor-element-ec6e2f1\" data-id=\"ec6e2f1\" data-element_type=\"column\" data-e-type=\"column\">\n\t\t\t<div class=\"elementor-widget-wrap elementor-element-populated\">\n\t\t\t\t\t\t<section class=\"elementor-section elementor-inner-section elementor-element elementor-element-cfabed0 elementor-section-content-middle elementor-section-boxed elementor-section-height-default elementor-section-height-default\" data-id=\"cfabed0\" data-element_type=\"section\" data-e-type=\"section\">\n\t\t\t\t\t\t<div class=\"elementor-container elementor-column-gap-default\">\n\t\t\t\t\t<div class=\"elementor-column elementor-col-100 elementor-inner-column elementor-element elementor-element-470f457\" data-id=\"470f457\" data-element_type=\"column\" data-e-type=\"column\">\n\t\t\t<div class=\"elementor-widget-wrap elementor-element-populated\">\n\t\t\t\t\t\t<div class=\"elementor-element elementor-element-b0a8773 elementor-widget elementor-widget-rs-heading\" data-id=\"b0a8773\" data-element_type=\"widget\" data-e-type=\"widget\" data-widget_type=\"rs-heading.default\">\n\t\t\t\t<div class=\"elementor-widget-container\">\n\t\t\t\t\t        <div class=\"rs-heading default  \">\n        \t<div class=\"title-inner\">\n        \t\t      \t\t\n\t            <h2 class=\"title\"><span class=\"watermark\"><\/span>\u00c0 propos de Nelson<\/h2>\t        <\/div>\n\t                    \t<div class=\"description\">\n            \t\t<p>Titulaire d\u2019un baccalaur\u00e9at en \u00e9conomie et d\u2019une ma\u00eetrise en entrepreneuriat social, Nelson Jean-Fran\u00e7ois combine une solide expertise analytique avec un engagement profond envers l\u2019impact social. \u00c0 titre d\u2019\u00c9valuateur qualifi\u00e9 \u00c9Q par la Soci\u00e9t\u00e9 canadienne d\u2019\u00e9valuation, il applique des standards rigoureux afin d\u2019aider les organisations \u00e0 mesurer leurs r\u00e9sultats, renforcer leur reddition de comptes et tirer des apprentissages significatifs de leurs programmes.<\/p><p>Fort de plus d\u2019une d\u00e9cennie d\u2019exp\u00e9rience en suivi, \u00e9valuation et apprentissage (SEA), Nelson accompagne des organisations publiques, communautaires et internationales dans la conception et la mise en \u0153uvre de syst\u00e8mes d\u2019\u00e9valuation performants. Son travail porte notamment sur la gestion ax\u00e9e sur les r\u00e9sultats, la conception d\u2019\u00e9valuations, le d\u00e9veloppement de tableaux de bord, ainsi que l\u2019utilisation des donn\u00e9es pour soutenir la prise de d\u00e9cision. Il a men\u00e9 des mandats dans plusieurs secteurs, dont l\u2019\u00e9ducation, la sant\u00e9, la s\u00e9curit\u00e9 alimentaire, l\u2019autonomisation des jeunes, la gouvernance et le d\u00e9veloppement \u00e9conomique.<\/p><p>Nelson est \u00e9galement fortement engag\u00e9 dans le renforcement de la communaut\u00e9 de l\u2019\u00e9valuation et le partage des connaissances. Il est le fondateur de l\u2019Ottawa Evaluation Caf\u00e9, un espace informel de rencontres et d\u2019\u00e9changes qui r\u00e9unit des \u00e9valuateurs, chercheurs et professionnels du d\u00e9veloppement afin de favoriser le dialogue, le r\u00e9seautage et la collaboration au sein de l\u2019\u00e9cosyst\u00e8me de l\u2019\u00e9valuation.<\/p><p>Il est \u00e9galement \u00e0 l\u2019origine du Cercle de Suivi et \u00c9valuation, une plateforme de partage de connaissances consacr\u00e9e aux pratiques d\u2019\u00e9valuation. \u00c0 travers cette initiative, Nelson anime des discussions et partage des outils et r\u00e9flexions avec des professionnels du domaine.<br \/>Vous pouvez d\u00e9couvrir ces conversations sur la cha\u00eene YouTube du Cercle de S&amp;E :<br \/>\ud83d\udc49 https:\/\/www.youtube.com\/@MonitoringEvaluationCircle<\/p><p>En reconnaissance de son leadership et de sa contribution \u00e0 la communaut\u00e9 de l\u2019\u00e9valuation, Nelson a re\u00e7u le Prix Karl Boudreault pour le leadership en \u00e9valuation, d\u00e9cern\u00e9 par la Soci\u00e9t\u00e9 canadienne d\u2019\u00e9valuation \u2013 Section de la Capitale nationale. Cette distinction souligne son engagement \u00e0 faire progresser la pratique de l\u2019\u00e9valuation, \u00e0 soutenir la rel\u00e8ve et \u00e0 promouvoir l\u2019utilisation des donn\u00e9es probantes pour am\u00e9liorer les programmes et les politiques publiques.<\/p><p>Au-del\u00e0 de son expertise professionnelle, Nelson est reconnu pour sa bienveillance, son ouverture d\u2019esprit, son sens de l\u2019humour et son esprit collaboratif. Il croit que l\u2019\u00e9valuation efficace repose non seulement sur des m\u00e9thodes rigoureuses, mais aussi sur la confiance, le dialogue et le partenariat. V\u00e9ritable joueur d\u2019\u00e9quipe, il s\u2019\u00e9panouit dans des environnements o\u00f9 la diversit\u00e9 des perspectives est valoris\u00e9e et o\u00f9 la collaboration permet de g\u00e9n\u00e9rer un impact durable.<\/p>            \t\t\n            \t<\/div>\n        \t        <\/div>\n\n        \t\t\t\t<\/div>\n\t\t\t\t<\/div>\n\t\t\t\t\t<\/div>\n\t\t<\/div>\n\t\t\t\t\t<\/div>\n\t\t<\/section>\n\t\t\t\t<div class=\"elementor-element elementor-element-a0a5c34 elementor-widget elementor-widget-text-editor\" data-id=\"a0a5c34\" data-element_type=\"widget\" data-e-type=\"widget\" data-widget_type=\"text-editor.default\">\n\t\t\t\t<div class=\"elementor-widget-container\">\n\t\t\t\t\t\t\t\t\t<p>Nelson Jean-Fran\u00e7ois<\/p>\n\t\t\t\t\t\t\t\t<\/div>\n\t\t\t\t<\/div>\n\t\t\t\t<div class=\"elementor-element elementor-element-4659a86 elementor-widget elementor-widget-image\" data-id=\"4659a86\" data-element_type=\"widget\" data-e-type=\"widget\" data-widget_type=\"image.default\">\n\t\t\t\t<div class=\"elementor-widget-container\">\n\t\t\t\t\t\t\t\t\t\t\t\t\t\t\t<img decoding=\"async\" width=\"212\" height=\"159\" src=\"https:\/\/nelsonjf.com\/wp-content\/uploads\/2024\/03\/Nelson_signature__1_-removebg-preview.png\" class=\"attachment-large size-large wp-image-18856\" alt=\"\" \/>\t\t\t\t\t\t\t\t\t\t\t\t\t\t\t<\/div>\n\t\t\t\t<\/div>\n\t\t\t\t\t<\/div>\n\t\t<\/div>\n\t\t\t\t<div class=\"elementor-column elementor-col-50 elementor-top-column elementor-element elementor-element-a415a31\" data-id=\"a415a31\" data-element_type=\"column\" data-e-type=\"column\">\n\t\t\t<div class=\"elementor-widget-wrap elementor-element-populated\">\n\t\t\t\t\t\t<div class=\"elementor-element elementor-element-c15c9d0 elementor-widget elementor-widget-image\" data-id=\"c15c9d0\" data-element_type=\"widget\" data-e-type=\"widget\" data-widget_type=\"image.default\">\n\t\t\t\t<div class=\"elementor-widget-container\">\n\t\t\t\t\t\t\t\t\t\t\t\t\t\t\t<img fetchpriority=\"high\" decoding=\"async\" width=\"640\" height=\"960\" src=\"https:\/\/nelsonjf.com\/wp-content\/uploads\/2024\/02\/Reginald-Photo-47-of-53January-21-2024-683x1024.jpg\" class=\"attachment-large size-large wp-image-18167\" alt=\"\" srcset=\"https:\/\/nelsonjf.com\/wp-content\/uploads\/2024\/02\/Reginald-Photo-47-of-53January-21-2024-683x1024.jpg 683w, https:\/\/nelsonjf.com\/wp-content\/uploads\/2024\/02\/Reginald-Photo-47-of-53January-21-2024-200x300.jpg 200w, https:\/\/nelsonjf.com\/wp-content\/uploads\/2024\/02\/Reginald-Photo-47-of-53January-21-2024-768x1152.jpg 768w, https:\/\/nelsonjf.com\/wp-content\/uploads\/2024\/02\/Reginald-Photo-47-of-53January-21-2024-1024x1536.jpg 1024w, https:\/\/nelsonjf.com\/wp-content\/uploads\/2024\/02\/Reginald-Photo-47-of-53January-21-2024-1365x2048.jpg 1365w, https:\/\/nelsonjf.com\/wp-content\/uploads\/2024\/02\/Reginald-Photo-47-of-53January-21-2024-600x900.jpg 600w, https:\/\/nelsonjf.com\/wp-content\/uploads\/2024\/02\/Reginald-Photo-47-of-53January-21-2024-scaled.jpg 1707w\" sizes=\"(max-width: 640px) 100vw, 640px\" \/>\t\t\t\t\t\t\t\t\t\t\t\t\t\t\t<\/div>\n\t\t\t\t<\/div>\n\t\t\t\t\t<\/div>\n\t\t<\/div>\n\t\t\t\t\t<\/div>\n\t\t<\/section>\n\t\t\t\t<section class=\"elementor-section elementor-top-section elementor-element elementor-element-d631984 elementor-hidden-desktop elementor-hidden-tablet elementor-hidden-mobile elementor-section-boxed elementor-section-height-default elementor-section-height-default\" data-id=\"d631984\" data-element_type=\"section\" data-e-type=\"section\">\n\t\t\t\t\t\t<div class=\"elementor-container elementor-column-gap-default\">\n\t\t\t\t\t<div class=\"elementor-column elementor-col-50 elementor-top-column elementor-element elementor-element-bb6171d\" data-id=\"bb6171d\" data-element_type=\"column\" data-e-type=\"column\">\n\t\t\t<div class=\"elementor-widget-wrap elementor-element-populated\">\n\t\t\t\t\t\t<div class=\"elementor-element elementor-element-7308a9c elementor-widget elementor-widget-image\" data-id=\"7308a9c\" data-element_type=\"widget\" data-e-type=\"widget\" data-widget_type=\"image.default\">\n\t\t\t\t<div class=\"elementor-widget-container\">\n\t\t\t\t\t\t\t\t\t\t\t\t\t\t\t<img fetchpriority=\"high\" decoding=\"async\" width=\"640\" height=\"960\" src=\"https:\/\/nelsonjf.com\/wp-content\/uploads\/2024\/02\/Reginald-Photo-47-of-53January-21-2024-683x1024.jpg\" class=\"attachment-large size-large wp-image-18167\" alt=\"\" srcset=\"https:\/\/nelsonjf.com\/wp-content\/uploads\/2024\/02\/Reginald-Photo-47-of-53January-21-2024-683x1024.jpg 683w, https:\/\/nelsonjf.com\/wp-content\/uploads\/2024\/02\/Reginald-Photo-47-of-53January-21-2024-200x300.jpg 200w, https:\/\/nelsonjf.com\/wp-content\/uploads\/2024\/02\/Reginald-Photo-47-of-53January-21-2024-768x1152.jpg 768w, https:\/\/nelsonjf.com\/wp-content\/uploads\/2024\/02\/Reginald-Photo-47-of-53January-21-2024-1024x1536.jpg 1024w, https:\/\/nelsonjf.com\/wp-content\/uploads\/2024\/02\/Reginald-Photo-47-of-53January-21-2024-1365x2048.jpg 1365w, https:\/\/nelsonjf.com\/wp-content\/uploads\/2024\/02\/Reginald-Photo-47-of-53January-21-2024-600x900.jpg 600w, https:\/\/nelsonjf.com\/wp-content\/uploads\/2024\/02\/Reginald-Photo-47-of-53January-21-2024-scaled.jpg 1707w\" sizes=\"(max-width: 640px) 100vw, 640px\" \/>\t\t\t\t\t\t\t\t\t\t\t\t\t\t\t<\/div>\n\t\t\t\t<\/div>\n\t\t\t\t\t<\/div>\n\t\t<\/div>\n\t\t\t\t<div class=\"elementor-column elementor-col-50 elementor-top-column elementor-element elementor-element-8712457\" data-id=\"8712457\" data-element_type=\"column\" data-e-type=\"column\">\n\t\t\t<div class=\"elementor-widget-wrap elementor-element-populated\">\n\t\t\t\t\t\t<div class=\"elementor-element elementor-element-a6f91e3 elementor-widget elementor-widget-rs-heading\" data-id=\"a6f91e3\" data-element_type=\"widget\" data-e-type=\"widget\" data-widget_type=\"rs-heading.default\">\n\t\t\t\t<div class=\"elementor-widget-container\">\n\t\t\t\t\t        <div class=\"rs-heading default  \">\n        \t<div class=\"title-inner\">\n        \t\t      \t\t\n\t            <span class=\"sub-text \">Curriculum vitae<\/span><h2 class=\"title\"><span class=\"watermark\"><\/span>A propos de moi <\/h2>\t        <\/div>\n\t                    \t<div class=\"description\">\n            \t\t<p>Je suis un sp\u00e9cialiste de l'\u00e9valuation de projets\/programmes qui aime vraiment les donn\u00e9es. Depuis plus de 10 ans, j'ai aid\u00e9 plusieurs organisations \u00e0 am\u00e9liorer leur capacit\u00e9 \u00e0 raconter des histoires convaincantes sur leur impact organisationnel en utilisant les donn\u00e9es obtenues \u00e0 partir de leurs projets et programmes respectifs.<\/p>\n<p>Mes clients sont des organisations des secteurs public, priv\u00e9 et \u00e0 but non lucratif, ainsi que des bailleurs de fonds et des organisations de d\u00e9veloppement international, notamment Global Affairs Canada (GAC), United States Agency for International Development (USAID), Emergency Children's Help Organization (ECHO) et Department for International Development (DFID). Bilingue (fran\u00e7ais et anglais) avec un niveau de base en espagnol.<\/p>\n            \t\t\n            \t<\/div>\n        \t        <\/div>\n\n        \t\t\t\t<\/div>\n\t\t\t\t<\/div>\n\t\t\t\t\t<\/div>\n\t\t<\/div>\n\t\t\t\t\t<\/div>\n\t\t<\/section>\n\t\t\t\t<section class=\"elementor-section elementor-top-section elementor-element elementor-element-e2ea484 elementor-section-height-min-height elementor-section-items-top elementor-section-stretched elementor-section-boxed elementor-section-height-default\" data-id=\"e2ea484\" data-element_type=\"section\" data-e-type=\"section\" data-settings=\"{&quot;stretch_section&quot;:&quot;section-stretched&quot;,&quot;background_background&quot;:&quot;classic&quot;}\">\n\t\t\t\t\t\t\t<div class=\"elementor-background-overlay\"><\/div>\n\t\t\t\t\t\t\t<div class=\"elementor-container elementor-column-gap-default\">\n\t\t\t\t\t<div class=\"elementor-column elementor-col-50 elementor-top-column elementor-element elementor-element-3ba5562\" data-id=\"3ba5562\" data-element_type=\"column\" data-e-type=\"column\">\n\t\t\t<div class=\"elementor-widget-wrap elementor-element-populated\">\n\t\t\t\t\t\t<div class=\"elementor-element elementor-element-f2bee43 elementor-widget elementor-widget-html\" data-id=\"f2bee43\" data-element_type=\"widget\" data-e-type=\"widget\" data-widget_type=\"html.default\">\n\t\t\t\t<div class=\"elementor-widget-container\">\n\t\t\t\t\t<span style=\"color:#fff;font-size:30px;\">Vous voulez en savoir davantage sur moi?<\/span> <span style=\"color:#fff;font-size:20px;\"> T\u00e9l\u00e9verser mon r\u00e9sum\u00e9.<\/span>\t\t\t\t<\/div>\n\t\t\t\t<\/div>\n\t\t\t\t\t<\/div>\n\t\t<\/div>\n\t\t\t\t<div class=\"elementor-column elementor-col-50 elementor-top-column elementor-element elementor-element-8862574\" data-id=\"8862574\" data-element_type=\"column\" data-e-type=\"column\">\n\t\t\t<div class=\"elementor-widget-wrap elementor-element-populated\">\n\t\t\t\t\t\t<div class=\"elementor-element elementor-element-6347575 elementor-align-center elementor-widget elementor-widget-button\" data-id=\"6347575\" data-element_type=\"widget\" data-e-type=\"widget\" data-widget_type=\"button.default\">\n\t\t\t\t<div class=\"elementor-widget-container\">\n\t\t\t\t\t\t\t\t\t<div class=\"elementor-button-wrapper\">\n\t\t\t\t\t<a class=\"elementor-button elementor-button-link elementor-size-md\" href=\"https:\/\/smjweb.com\/jfweb\/wp-content\/uploads\/2024\/03\/Nelson-Jean-Francois_December-2023.pdf\" target=\"_blank\" download=\"\">\n\t\t\t\t\t\t<span class=\"elementor-button-content-wrapper\">\n\t\t\t\t\t\t<span class=\"elementor-button-icon\">\n\t\t\t\t<svg aria-hidden=\"true\" class=\"e-font-icon-svg e-fas-download\" viewBox=\"0 0 512 512\" xmlns=\"http:\/\/www.w3.org\/2000\/svg\"><path d=\"M216 0h80c13.3 0 24 10.7 24 24v168h87.7c17.8 0 26.7 21.5 14.1 34.1L269.7 378.3c-7.5 7.5-19.8 7.5-27.3 0L90.1 226.1c-12.6-12.6-3.7-34.1 14.1-34.1H192V24c0-13.3 10.7-24 24-24zm296 376v112c0 13.3-10.7 24-24 24H24c-13.3 0-24-10.7-24-24V376c0-13.3 10.7-24 24-24h146.7l49 49c20.1 20.1 52.5 20.1 72.6 0l49-49H488c13.3 0 24 10.7 24 24zm-124 88c0-11-9-20-20-20s-20 9-20 20 9 20 20 20 20-9 20-20zm64 0c0-11-9-20-20-20s-20 9-20 20 9 20 20 20 20-9 20-20z\"><\/path><\/svg>\t\t\t<\/span>\n\t\t\t\t\t\t\t\t\t<span class=\"elementor-button-text\">T\u00e9l\u00e9verser ici<\/span>\n\t\t\t\t\t<\/span>\n\t\t\t\t\t<\/a>\n\t\t\t\t<\/div>\n\t\t\t\t\t\t\t\t<\/div>\n\t\t\t\t<\/div>\n\t\t\t\t\t<\/div>\n\t\t<\/div>\n\t\t\t\t\t<\/div>\n\t\t<\/section>\n\t\t\t\t<\/div>\n\t\t","protected":false},"excerpt":{"rendered":"<p>\u00c0 propos de Nelson Titulaire d\u2019un baccalaur\u00e9at en \u00e9conomie et d\u2019une ma\u00eetrise en entrepreneuriat social, Nelson Jean-Fran\u00e7ois combine une solide expertise analytique avec un engagement profond envers l\u2019impact social. \u00c0 titre d\u2019\u00c9valuateur qualifi\u00e9 \u00c9Q par la Soci\u00e9t\u00e9 canadienne d\u2019\u00e9valuation, il applique des standards rigoureux afin d\u2019aider les organisations \u00e0 mesurer leurs r\u00e9sultats, renforcer leur reddition&#8230;<\/p>\n","protected":false},"author":1,"featured_media":19518,"parent":0,"menu_order":0,"comment_status":"closed","ping_status":"closed","template":"","meta":{"_acf_changed":false,"om_disable_all_campaigns":false,"footnotes":""},"class_list":["post-18275","page","type-page","status-publish","has-post-thumbnail","hentry"],"acf":[],"yoast_head":"<!-- This site is optimized with the Yoast SEO plugin v27.3 - https:\/\/yoast.com\/product\/yoast-seo-wordpress\/ -->\n<title>Nelson JF - JF Web<\/title>\n<meta name=\"robots\" content=\"index, follow, max-snippet:-1, max-image-preview:large, max-video-preview:-1\" \/>\n<link rel=\"canonical\" href=\"https:\/\/nelsonjf.com\/fr\/nelson-jf\/\" \/>\n<meta property=\"og:locale\" content=\"fr_FR\" \/>\n<meta property=\"og:type\" content=\"article\" \/>\n<meta property=\"og:title\" content=\"Nelson JF - JF Web\" \/>\n<meta property=\"og:description\" content=\"\u00c0 propos de Nelson Titulaire d\u2019un baccalaur\u00e9at en \u00e9conomie et d\u2019une ma\u00eetrise en entrepreneuriat social, Nelson Jean-Fran\u00e7ois combine une solide expertise analytique avec un engagement profond envers l\u2019impact social. \u00c0 titre d\u2019\u00c9valuateur qualifi\u00e9 \u00c9Q par la Soci\u00e9t\u00e9 canadienne d\u2019\u00e9valuation, il applique des standards rigoureux afin d\u2019aider les organisations \u00e0 mesurer leurs r\u00e9sultats, renforcer leur reddition...\" \/>\n<meta property=\"og:url\" content=\"https:\/\/nelsonjf.com\/fr\/nelson-jf\/\" \/>\n<meta property=\"og:site_name\" content=\"JF Web\" \/>\n<meta property=\"article:modified_time\" content=\"2026-03-08T21:24:58+00:00\" \/>\n<meta property=\"og:image\" content=\"https:\/\/nelsonjf.com\/wp-content\/uploads\/2024\/04\/Nelson-JF-LOGO-FRENCH-02-1.png\" \/>\n\t<meta property=\"og:image:width\" content=\"6250\" \/>\n\t<meta property=\"og:image:height\" content=\"2500\" \/>\n\t<meta property=\"og:image:type\" content=\"image\/png\" \/>\n<meta name=\"twitter:card\" content=\"summary_large_image\" \/>\n<meta name=\"twitter:label1\" content=\"Dur\u00e9e de lecture estim\u00e9e\" \/>\n\t<meta name=\"twitter:data1\" content=\"4 minutes\" \/>\n<script type=\"application\/ld+json\" class=\"yoast-schema-graph\">{\"@context\":\"https:\\\/\\\/schema.org\",\"@graph\":[{\"@type\":\"WebPage\",\"@id\":\"https:\\\/\\\/nelsonjf.com\\\/fr\\\/nelson-jf\\\/\",\"url\":\"https:\\\/\\\/nelsonjf.com\\\/fr\\\/nelson-jf\\\/\",\"name\":\"Nelson JF - JF Web\",\"isPartOf\":{\"@id\":\"https:\\\/\\\/nelsonjf.com\\\/fr\\\/#website\"},\"primaryImageOfPage\":{\"@id\":\"https:\\\/\\\/nelsonjf.com\\\/fr\\\/nelson-jf\\\/#primaryimage\"},\"image\":{\"@id\":\"https:\\\/\\\/nelsonjf.com\\\/fr\\\/nelson-jf\\\/#primaryimage\"},\"thumbnailUrl\":\"https:\\\/\\\/nelsonjf.com\\\/wp-content\\\/uploads\\\/2024\\\/04\\\/Nelson-JF-LOGO-FRENCH-02-1.png\",\"datePublished\":\"2023-07-18T20:41:17+00:00\",\"dateModified\":\"2026-03-08T21:24:58+00:00\",\"breadcrumb\":{\"@id\":\"https:\\\/\\\/nelsonjf.com\\\/fr\\\/nelson-jf\\\/#breadcrumb\"},\"inLanguage\":\"fr-FR\",\"potentialAction\":[{\"@type\":\"ReadAction\",\"target\":[\"https:\\\/\\\/nelsonjf.com\\\/fr\\\/nelson-jf\\\/\"]}]},{\"@type\":\"ImageObject\",\"inLanguage\":\"fr-FR\",\"@id\":\"https:\\\/\\\/nelsonjf.com\\\/fr\\\/nelson-jf\\\/#primaryimage\",\"url\":\"https:\\\/\\\/nelsonjf.com\\\/wp-content\\\/uploads\\\/2024\\\/04\\\/Nelson-JF-LOGO-FRENCH-02-1.png\",\"contentUrl\":\"https:\\\/\\\/nelsonjf.com\\\/wp-content\\\/uploads\\\/2024\\\/04\\\/Nelson-JF-LOGO-FRENCH-02-1.png\",\"width\":6250,\"height\":2500},{\"@type\":\"BreadcrumbList\",\"@id\":\"https:\\\/\\\/nelsonjf.com\\\/fr\\\/nelson-jf\\\/#breadcrumb\",\"itemListElement\":[{\"@type\":\"ListItem\",\"position\":1,\"name\":\"Home\",\"item\":\"https:\\\/\\\/nelsonjf.com\\\/fr\\\/\"},{\"@type\":\"ListItem\",\"position\":2,\"name\":\"Nelson JF\"}]},{\"@type\":\"WebSite\",\"@id\":\"https:\\\/\\\/nelsonjf.com\\\/fr\\\/#website\",\"url\":\"https:\\\/\\\/nelsonjf.com\\\/fr\\\/\",\"name\":\"JF Web\",\"description\":\"My WordPress Blog\",\"publisher\":{\"@id\":\"https:\\\/\\\/nelsonjf.com\\\/fr\\\/#organization\"},\"potentialAction\":[{\"@type\":\"SearchAction\",\"target\":{\"@type\":\"EntryPoint\",\"urlTemplate\":\"https:\\\/\\\/nelsonjf.com\\\/fr\\\/?s={search_term_string}\"},\"query-input\":{\"@type\":\"PropertyValueSpecification\",\"valueRequired\":true,\"valueName\":\"search_term_string\"}}],\"inLanguage\":\"fr-FR\"},{\"@type\":\"Organization\",\"@id\":\"https:\\\/\\\/nelsonjf.com\\\/fr\\\/#organization\",\"name\":\"JF Web\",\"url\":\"https:\\\/\\\/nelsonjf.com\\\/fr\\\/\",\"logo\":{\"@type\":\"ImageObject\",\"inLanguage\":\"fr-FR\",\"@id\":\"https:\\\/\\\/nelsonjf.com\\\/fr\\\/#\\\/schema\\\/logo\\\/image\\\/\",\"url\":\"https:\\\/\\\/nelsonjf.com\\\/wp-content\\\/uploads\\\/2024\\\/04\\\/Nelson-JF-LOGO-FRENCH-02-1.png\",\"contentUrl\":\"https:\\\/\\\/nelsonjf.com\\\/wp-content\\\/uploads\\\/2024\\\/04\\\/Nelson-JF-LOGO-FRENCH-02-1.png\",\"width\":6250,\"height\":2500,\"caption\":\"JF Web\"},\"image\":{\"@id\":\"https:\\\/\\\/nelsonjf.com\\\/fr\\\/#\\\/schema\\\/logo\\\/image\\\/\"},\"sameAs\":[\"https:\\\/\\\/www.linkedin.com\\\/company\\\/nelsonjf-consulting-inc\\\/?viewAsMember=true\"]}]}<\/script>\n<!-- \/ Yoast SEO plugin. -->","yoast_head_json":{"title":"Nelson JF - JF Web","robots":{"index":"index","follow":"follow","max-snippet":"max-snippet:-1","max-image-preview":"max-image-preview:large","max-video-preview":"max-video-preview:-1"},"canonical":"https:\/\/nelsonjf.com\/fr\/nelson-jf\/","og_locale":"fr_FR","og_type":"article","og_title":"Nelson JF - JF Web","og_description":"\u00c0 propos de Nelson Titulaire d\u2019un baccalaur\u00e9at en \u00e9conomie et d\u2019une ma\u00eetrise en entrepreneuriat social, Nelson Jean-Fran\u00e7ois combine une solide expertise analytique avec un engagement profond envers l\u2019impact social. \u00c0 titre d\u2019\u00c9valuateur qualifi\u00e9 \u00c9Q par la Soci\u00e9t\u00e9 canadienne d\u2019\u00e9valuation, il applique des standards rigoureux afin d\u2019aider les organisations \u00e0 mesurer leurs r\u00e9sultats, renforcer leur reddition...","og_url":"https:\/\/nelsonjf.com\/fr\/nelson-jf\/","og_site_name":"JF Web","article_modified_time":"2026-03-08T21:24:58+00:00","og_image":[{"width":6250,"height":2500,"url":"https:\/\/nelsonjf.com\/wp-content\/uploads\/2024\/04\/Nelson-JF-LOGO-FRENCH-02-1.png","type":"image\/png"}],"twitter_card":"summary_large_image","twitter_misc":{"Dur\u00e9e de lecture estim\u00e9e":"4 minutes"},"schema":{"@context":"https:\/\/schema.org","@graph":[{"@type":"WebPage","@id":"https:\/\/nelsonjf.com\/fr\/nelson-jf\/","url":"https:\/\/nelsonjf.com\/fr\/nelson-jf\/","name":"Nelson JF - JF Web","isPartOf":{"@id":"https:\/\/nelsonjf.com\/fr\/#website"},"primaryImageOfPage":{"@id":"https:\/\/nelsonjf.com\/fr\/nelson-jf\/#primaryimage"},"image":{"@id":"https:\/\/nelsonjf.com\/fr\/nelson-jf\/#primaryimage"},"thumbnailUrl":"https:\/\/nelsonjf.com\/wp-content\/uploads\/2024\/04\/Nelson-JF-LOGO-FRENCH-02-1.png","datePublished":"2023-07-18T20:41:17+00:00","dateModified":"2026-03-08T21:24:58+00:00","breadcrumb":{"@id":"https:\/\/nelsonjf.com\/fr\/nelson-jf\/#breadcrumb"},"inLanguage":"fr-FR","potentialAction":[{"@type":"ReadAction","target":["https:\/\/nelsonjf.com\/fr\/nelson-jf\/"]}]},{"@type":"ImageObject","inLanguage":"fr-FR","@id":"https:\/\/nelsonjf.com\/fr\/nelson-jf\/#primaryimage","url":"https:\/\/nelsonjf.com\/wp-content\/uploads\/2024\/04\/Nelson-JF-LOGO-FRENCH-02-1.png","contentUrl":"https:\/\/nelsonjf.com\/wp-content\/uploads\/2024\/04\/Nelson-JF-LOGO-FRENCH-02-1.png","width":6250,"height":2500},{"@type":"BreadcrumbList","@id":"https:\/\/nelsonjf.com\/fr\/nelson-jf\/#breadcrumb","itemListElement":[{"@type":"ListItem","position":1,"name":"Home","item":"https:\/\/nelsonjf.com\/fr\/"},{"@type":"ListItem","position":2,"name":"Nelson JF"}]},{"@type":"WebSite","@id":"https:\/\/nelsonjf.com\/fr\/#website","url":"https:\/\/nelsonjf.com\/fr\/","name":"JF Web","description":"My WordPress Blog","publisher":{"@id":"https:\/\/nelsonjf.com\/fr\/#organization"},"potentialAction":[{"@type":"SearchAction","target":{"@type":"EntryPoint","urlTemplate":"https:\/\/nelsonjf.com\/fr\/?s={search_term_string}"},"query-input":{"@type":"PropertyValueSpecification","valueRequired":true,"valueName":"search_term_string"}}],"inLanguage":"fr-FR"},{"@type":"Organization","@id":"https:\/\/nelsonjf.com\/fr\/#organization","name":"JF Web","url":"https:\/\/nelsonjf.com\/fr\/","logo":{"@type":"ImageObject","inLanguage":"fr-FR","@id":"https:\/\/nelsonjf.com\/fr\/#\/schema\/logo\/image\/","url":"https:\/\/nelsonjf.com\/wp-content\/uploads\/2024\/04\/Nelson-JF-LOGO-FRENCH-02-1.png","contentUrl":"https:\/\/nelsonjf.com\/wp-content\/uploads\/2024\/04\/Nelson-JF-LOGO-FRENCH-02-1.png","width":6250,"height":2500,"caption":"JF Web"},"image":{"@id":"https:\/\/nelsonjf.com\/fr\/#\/schema\/logo\/image\/"},"sameAs":["https:\/\/www.linkedin.com\/company\/nelsonjf-consulting-inc\/?viewAsMember=true"]}]}},"_links":{"self":[{"href":"https:\/\/nelsonjf.com\/fr\/wp-json\/wp\/v2\/pages\/18275","targetHints":{"allow":["GET"]}}],"collection":[{"href":"https:\/\/nelsonjf.com\/fr\/wp-json\/wp\/v2\/pages"}],"about":[{"href":"https:\/\/nelsonjf.com\/fr\/wp-json\/wp\/v2\/types\/page"}],"author":[{"embeddable":true,"href":"https:\/\/nelsonjf.com\/fr\/wp-json\/wp\/v2\/users\/1"}],"replies":[{"embeddable":true,"href":"https:\/\/nelsonjf.com\/fr\/wp-json\/wp\/v2\/comments?post=18275"}],"version-history":[{"count":33,"href":"https:\/\/nelsonjf.com\/fr\/wp-json\/wp\/v2\/pages\/18275\/revisions"}],"predecessor-version":[{"id":19980,"href":"https:\/\/nelsonjf.com\/fr\/wp-json\/wp\/v2\/pages\/18275\/revisions\/19980"}],"wp:featuredmedia":[{"embeddable":true,"href":"https:\/\/nelsonjf.com\/fr\/wp-json\/wp\/v2\/media\/19518"}],"wp:attachment":[{"href":"https:\/\/nelsonjf.com\/fr\/wp-json\/wp\/v2\/media?parent=18275"}],"curies":[{"name":"wp","href":"https:\/\/api.w.org\/{rel}","templated":true}]}}