{"id":18267,"date":"2023-07-18T21:14:18","date_gmt":"2023-07-18T21:14:18","guid":{"rendered":"https:\/\/smjweb.com\/jfweb\/renforcement-des-capacites\/"},"modified":"2024-05-29T11:56:52","modified_gmt":"2024-05-29T11:56:52","slug":"renforcement-des-capacites","status":"publish","type":"page","link":"https:\/\/nelsonjf.com\/fr\/renforcement-des-capacites\/","title":{"rendered":"Renforcement des capacit\u00e9s"},"content":{"rendered":"\t\t<div data-elementor-type=\"wp-page\" data-elementor-id=\"18267\" class=\"elementor elementor-18267 elementor-13567\">\n\t\t\t\t\t\t<section class=\"elementor-section elementor-top-section elementor-element elementor-element-4ff8c5f0 elementor-section-boxed elementor-section-height-default elementor-section-height-default\" data-id=\"4ff8c5f0\" data-element_type=\"section\" data-e-type=\"section\">\n\t\t\t\t\t\t<div class=\"elementor-container elementor-column-gap-default\">\n\t\t\t\t\t<div class=\"elementor-column elementor-col-50 elementor-top-column elementor-element elementor-element-1907e82b\" data-id=\"1907e82b\" data-element_type=\"column\" data-e-type=\"column\">\n\t\t\t<div class=\"elementor-widget-wrap elementor-element-populated\">\n\t\t\t\t\t\t<div class=\"elementor-element elementor-element-2d2625a7 elementor-widget elementor-widget-image\" data-id=\"2d2625a7\" data-element_type=\"widget\" data-e-type=\"widget\" data-widget_type=\"image.default\">\n\t\t\t\t<div class=\"elementor-widget-container\">\n\t\t\t\t\t\t\t\t\t\t\t\t\t\t\t<img fetchpriority=\"high\" decoding=\"async\" width=\"1024\" height=\"768\" src=\"https:\/\/nelsonjf.com\/wp-content\/uploads\/2024\/01\/09031002-d174-4bed-8628-312971ef00bb.jpg\" class=\"attachment-full size-full wp-image-18059\" alt=\"\" srcset=\"https:\/\/nelsonjf.com\/wp-content\/uploads\/2024\/01\/09031002-d174-4bed-8628-312971ef00bb.jpg 1024w, https:\/\/nelsonjf.com\/wp-content\/uploads\/2024\/01\/09031002-d174-4bed-8628-312971ef00bb-300x225.jpg 300w, https:\/\/nelsonjf.com\/wp-content\/uploads\/2024\/01\/09031002-d174-4bed-8628-312971ef00bb-768x576.jpg 768w, https:\/\/nelsonjf.com\/wp-content\/uploads\/2024\/01\/09031002-d174-4bed-8628-312971ef00bb-600x450.jpg 600w\" sizes=\"(max-width: 1024px) 100vw, 1024px\" \/>\t\t\t\t\t\t\t\t\t\t\t\t\t\t\t<\/div>\n\t\t\t\t<\/div>\n\t\t\t\t<div class=\"elementor-element elementor-element-6d31a536 elementor-widget elementor-widget-heading\" data-id=\"6d31a536\" data-element_type=\"widget\" data-e-type=\"widget\" data-widget_type=\"heading.default\">\n\t\t\t\t<div class=\"elementor-widget-container\">\n\t\t\t\t\t<h2 class=\"elementor-heading-title elementor-size-default\">Nous nous assurons que votre \u00e9quipe est bien \u00e9quip\u00e9e !<\/h2>\t\t\t\t<\/div>\n\t\t\t\t<\/div>\n\t\t\t\t<div class=\"elementor-element elementor-element-7553adc7 elementor-widget elementor-widget-text-editor\" data-id=\"7553adc7\" data-element_type=\"widget\" data-e-type=\"widget\" data-widget_type=\"text-editor.default\">\n\t\t\t\t<div class=\"elementor-widget-container\">\n\t\t\t\t\t\t\t\t\t<p><span style=\"font-weight: 400;\">Chez NelsonJF Consulting, nous sommes sp\u00e9cialis\u00e9s dans le renforcement des capacit\u00e9s de suivi, d&#8217;\u00e9valuation et d&#8217;apprentissage des \u00e9quipes de projet et de programme, permettant aux organisations de g\u00e9rer efficacement leur impact. Nous proposons des formations sur une gamme de sujets, notamment :<\/span><\/p>\t\t\t\t\t\t\t\t<\/div>\n\t\t\t\t<\/div>\n\t\t\t\t<section class=\"elementor-section elementor-inner-section elementor-element elementor-element-58d5aceb elementor-section-boxed elementor-section-height-default elementor-section-height-default\" data-id=\"58d5aceb\" data-element_type=\"section\" data-e-type=\"section\">\n\t\t\t\t\t\t<div class=\"elementor-container elementor-column-gap-default\">\n\t\t\t\t\t<div class=\"elementor-column elementor-col-100 elementor-inner-column elementor-element elementor-element-46ad1f99\" data-id=\"46ad1f99\" data-element_type=\"column\" data-e-type=\"column\">\n\t\t\t<div class=\"elementor-widget-wrap elementor-element-populated\">\n\t\t\t\t\t\t<div class=\"elementor-element elementor-element-5bb728cf elementor-widget elementor-widget-rsfeatureslist\" data-id=\"5bb728cf\" data-element_type=\"widget\" data-e-type=\"widget\" data-widget_type=\"rsfeatureslist.default\">\n\t\t\t\t<div class=\"elementor-widget-container\">\n\t\t\t\t\t \n\n        <div class=\"rs-features-list-content\">        \n\n                                    <ul class=\"rs-features-list\">\n                                                    <li class=\"elementor-repeater-item-0348abf\">\n                                                                    <i class=\"fa fa-check-circle\"><\/i>\n                                                                <span class=\"rs-feature-text\">Les fondamentaux du suivi et de l'\u00e9valuation<\/span>\n                            <\/li>\n                                                    <li class=\"elementor-repeater-item-cb9e02c\">\n                                                                    <i class=\"fa fa-check-circle\"><\/i>\n                                                                <span class=\"rs-feature-text\">Mod\u00e8le logique et d\u00e9veloppement de la th\u00e9orie du changement<\/span>\n                            <\/li>\n                                                    <li class=\"elementor-repeater-item-88cbb66\">\n                                                                    <i class=\"fa fa-check-circle\"><\/i>\n                                                                <span class=\"rs-feature-text\">Cadre de mesure de la performance<\/span>\n                            <\/li>\n                                                    <li class=\"elementor-repeater-item-e173c11\">\n                                                                    <i class=\"fa fa-check-circle\"><\/i>\n                                                                <span class=\"rs-feature-text\">Engagement des parties prenantes, et plus encore.<\/span>\n                            <\/li>\n                                            <\/ul>\n                            \n        <\/div>\n        \t\t\t\t<\/div>\n\t\t\t\t<\/div>\n\t\t\t\t\t<\/div>\n\t\t<\/div>\n\t\t\t\t\t<\/div>\n\t\t<\/section>\n\t\t\t\t<section class=\"elementor-section elementor-inner-section elementor-element elementor-element-5a03c105 elementor-section-boxed elementor-section-height-default elementor-section-height-default\" data-id=\"5a03c105\" data-element_type=\"section\" data-e-type=\"section\">\n\t\t\t\t\t\t<div class=\"elementor-container elementor-column-gap-default\">\n\t\t\t\t\t<div class=\"elementor-column elementor-col-100 elementor-inner-column elementor-element elementor-element-52f8baac\" data-id=\"52f8baac\" data-element_type=\"column\" data-e-type=\"column\">\n\t\t\t<div class=\"elementor-widget-wrap elementor-element-populated\">\n\t\t\t\t\t\t<div class=\"elementor-element elementor-element-46dc815e elementor-widget elementor-widget-text-editor\" data-id=\"46dc815e\" data-element_type=\"widget\" data-e-type=\"widget\" data-widget_type=\"text-editor.default\">\n\t\t\t\t<div class=\"elementor-widget-container\">\n\t\t\t\t\t\t\t\t\t<p><span style=\"font-weight: 400;\">Nous comprenons que chaque organisation est unique, confront\u00e9e \u00e0 ses propres d\u00e9fis et opportunit\u00e9s. C&#8217;est pourquoi nous adoptons une approche personnalis\u00e9e dans nos efforts de renforcement des capacit\u00e9s. Notre \u00e9quipe collabore \u00e9troitement avec les clients pour d\u00e9velopper des sessions de formation et des ressources personnalis\u00e9es qui correspondent \u00e0 leurs besoins sp\u00e9cifiques, \u00e0 leur r\u00e9alit\u00e9 et \u00e0 leurs attentes. Nous accompagnons les organisations l\u00e0 o\u00f9 elles se trouvent dans leur parcours, en fournissant des conseils pratiques et un soutien pour les aider \u00e0 atteindre leurs objectifs. En plus de proposer des programmes de formation de haute qualit\u00e9, nous d\u00e9veloppons \u00e9galement des supports et des ressources con\u00e7us pour renforcer l&#8217;apprentissage et faciliter la croissance continue.<\/span><\/p><p><span style=\"font-weight: 400;\">Avec NelsonJF Consulting \u00e0 vos c\u00f4t\u00e9s, vous pouvez avoir confiance que votre \u00e9quipe sera \u00e9quip\u00e9e des connaissances, des comp\u00e9tences et des outils n\u00e9cessaires pour g\u00e9n\u00e9rer un changement significatif et cr\u00e9er un impact durable.<\/span><\/p>\t\t\t\t\t\t\t\t<\/div>\n\t\t\t\t<\/div>\n\t\t\t\t\t<\/div>\n\t\t<\/div>\n\t\t\t\t\t<\/div>\n\t\t<\/section>\n\t\t\t\t<section class=\"elementor-section elementor-inner-section elementor-element elementor-element-3ac1ef76 elementor-section-boxed elementor-section-height-default elementor-section-height-default\" data-id=\"3ac1ef76\" data-element_type=\"section\" data-e-type=\"section\">\n\t\t\t\t\t\t<div class=\"elementor-container elementor-column-gap-default\">\n\t\t\t\t\t<div class=\"elementor-column elementor-col-50 elementor-inner-column elementor-element elementor-element-74be2e3a\" data-id=\"74be2e3a\" data-element_type=\"column\" data-e-type=\"column\">\n\t\t\t<div class=\"elementor-widget-wrap elementor-element-populated\">\n\t\t\t\t\t\t<div class=\"elementor-element elementor-element-165fab7f elementor-widget elementor-widget-image\" data-id=\"165fab7f\" data-element_type=\"widget\" data-e-type=\"widget\" data-widget_type=\"image.default\">\n\t\t\t\t<div class=\"elementor-widget-container\">\n\t\t\t\t\t\t\t\t\t\t\t\t\t\t\t<img decoding=\"async\" width=\"640\" height=\"427\" src=\"https:\/\/nelsonjf.com\/wp-content\/uploads\/2024\/01\/Reginald-Photo-30-of-53January-21-2024-1024x683.jpg\" class=\"attachment-large size-large wp-image-18133\" alt=\"\" srcset=\"https:\/\/nelsonjf.com\/wp-content\/uploads\/2024\/01\/Reginald-Photo-30-of-53January-21-2024-1024x683.jpg 1024w, https:\/\/nelsonjf.com\/wp-content\/uploads\/2024\/01\/Reginald-Photo-30-of-53January-21-2024-300x200.jpg 300w, https:\/\/nelsonjf.com\/wp-content\/uploads\/2024\/01\/Reginald-Photo-30-of-53January-21-2024-768x512.jpg 768w, https:\/\/nelsonjf.com\/wp-content\/uploads\/2024\/01\/Reginald-Photo-30-of-53January-21-2024-1536x1024.jpg 1536w, https:\/\/nelsonjf.com\/wp-content\/uploads\/2024\/01\/Reginald-Photo-30-of-53January-21-2024-2048x1365.jpg 2048w, https:\/\/nelsonjf.com\/wp-content\/uploads\/2024\/01\/Reginald-Photo-30-of-53January-21-2024-365x243.jpg 365w, https:\/\/nelsonjf.com\/wp-content\/uploads\/2024\/01\/Reginald-Photo-30-of-53January-21-2024-600x400.jpg 600w\" sizes=\"(max-width: 640px) 100vw, 640px\" \/>\t\t\t\t\t\t\t\t\t\t\t\t\t\t\t<\/div>\n\t\t\t\t<\/div>\n\t\t\t\t\t<\/div>\n\t\t<\/div>\n\t\t\t\t<div class=\"elementor-column elementor-col-50 elementor-inner-column elementor-element elementor-element-3320cfe\" data-id=\"3320cfe\" data-element_type=\"column\" data-e-type=\"column\">\n\t\t\t<div class=\"elementor-widget-wrap elementor-element-populated\">\n\t\t\t\t\t\t<div class=\"elementor-element elementor-element-7644e640 elementor-widget elementor-widget-image\" data-id=\"7644e640\" data-element_type=\"widget\" data-e-type=\"widget\" data-widget_type=\"image.default\">\n\t\t\t\t<div class=\"elementor-widget-container\">\n\t\t\t\t\t\t\t\t\t\t\t\t\t\t\t<img decoding=\"async\" width=\"640\" height=\"427\" src=\"https:\/\/nelsonjf.com\/wp-content\/uploads\/2024\/01\/Reginald-Photo-12-of-53January-21-2024-1024x683.jpg\" class=\"attachment-large size-large wp-image-18115\" alt=\"\" srcset=\"https:\/\/nelsonjf.com\/wp-content\/uploads\/2024\/01\/Reginald-Photo-12-of-53January-21-2024-1024x683.jpg 1024w, https:\/\/nelsonjf.com\/wp-content\/uploads\/2024\/01\/Reginald-Photo-12-of-53January-21-2024-300x200.jpg 300w, https:\/\/nelsonjf.com\/wp-content\/uploads\/2024\/01\/Reginald-Photo-12-of-53January-21-2024-768x512.jpg 768w, https:\/\/nelsonjf.com\/wp-content\/uploads\/2024\/01\/Reginald-Photo-12-of-53January-21-2024-1536x1024.jpg 1536w, https:\/\/nelsonjf.com\/wp-content\/uploads\/2024\/01\/Reginald-Photo-12-of-53January-21-2024-2048x1365.jpg 2048w, https:\/\/nelsonjf.com\/wp-content\/uploads\/2024\/01\/Reginald-Photo-12-of-53January-21-2024-365x243.jpg 365w, https:\/\/nelsonjf.com\/wp-content\/uploads\/2024\/01\/Reginald-Photo-12-of-53January-21-2024-600x400.jpg 600w\" sizes=\"(max-width: 640px) 100vw, 640px\" \/>\t\t\t\t\t\t\t\t\t\t\t\t\t\t\t<\/div>\n\t\t\t\t<\/div>\n\t\t\t\t\t<\/div>\n\t\t<\/div>\n\t\t\t\t\t<\/div>\n\t\t<\/section>\n\t\t\t\t\t<\/div>\n\t\t<\/div>\n\t\t\t\t<div class=\"elementor-column elementor-col-50 elementor-top-column elementor-element elementor-element-4d81a695 bs-sidebar dynamic-sidebar\" data-id=\"4d81a695\" data-element_type=\"column\" data-e-type=\"column\">\n\t\t\t<div class=\"elementor-widget-wrap elementor-element-populated\">\n\t\t\t\t\t\t<div class=\"elementor-element elementor-element-282bfac6 elementor-widget elementor-widget-sidebar\" data-id=\"282bfac6\" data-element_type=\"widget\" data-e-type=\"widget\" data-widget_type=\"sidebar.default\">\n\t\t\t\t<div class=\"elementor-widget-container\">\n\t\t\t\t\t<div id=\"nav_menu-1\" class=\"service-singles widget widget_nav_menu\"><div class=\"menu-service-fr-container\"><ul id=\"menu-service-fr\" class=\"menu\"><li id=\"menu-item-19683\" class=\"menu-item menu-item-type-post_type menu-item-object-page menu-item-19683\"><a href=\"https:\/\/nelsonjf.com\/fr\/renforcement-des-capacites\/\">Renforcement des capacit\u00e9s<\/a><\/li>\n<li id=\"menu-item-19680\" class=\"menu-item menu-item-type-post_type menu-item-object-page menu-item-19680\"><a href=\"https:\/\/nelsonjf.com\/fr\/evaluation-de-programme\/\">\u00c9valuation de programme<\/a><\/li>\n<li id=\"menu-item-19682\" class=\"menu-item menu-item-type-post_type menu-item-object-page menu-item-19682\"><a href=\"https:\/\/nelsonjf.com\/fr\/mel-systeme\/\">Syst\u00e8me de SEA<\/a><\/li>\n<li id=\"menu-item-19681\" class=\"menu-item menu-item-type-post_type menu-item-object-page menu-item-19681\"><a href=\"https:\/\/nelsonjf.com\/fr\/collecte-visualisation-et-analyse-des-donnees\/\">Collecte, visualisation et analyse des donn\u00e9es<\/a><\/li>\n<\/ul><\/div><\/div>\t\t\t\t<\/div>\n\t\t\t\t<\/div>\n\t\t\t\t<section class=\"elementor-section elementor-inner-section elementor-element elementor-element-2831043 elementor-section-boxed elementor-section-height-default elementor-section-height-default\" data-id=\"2831043\" data-element_type=\"section\" data-e-type=\"section\">\n\t\t\t\t\t\t<div class=\"elementor-container elementor-column-gap-default\">\n\t\t\t\t\t<div class=\"elementor-column elementor-col-100 elementor-inner-column elementor-element elementor-element-f0b488f\" data-id=\"f0b488f\" data-element_type=\"column\" data-e-type=\"column\" data-settings=\"{&quot;background_background&quot;:&quot;classic&quot;}\">\n\t\t\t<div class=\"elementor-widget-wrap elementor-element-populated\">\n\t\t\t\t\t\t<div class=\"elementor-element elementor-element-a114ceb phones elementor-widget elementor-widget-rs-contact-box\" data-id=\"a114ceb\" data-element_type=\"widget\" data-e-type=\"widget\" data-widget_type=\"rs-contact-box.default\">\n\t\t\t\t<div class=\"elementor-widget-container\">\n\t\t\t\t\t\t\t\n\n\t\t<!-- Style 1 Start -->\n\t\t<div class=\"rs-contact-box\">\n\n\t\t\t\t\t\t<div class=\"address-item vertical boxstyle1\">\n\n\t\t\t\t\t\t\t            <div class=\"address-icon\">\n\t\t            \t\t\t            \t\t<i class=\"fa fa-envelope\"><\/i>\n\t\t            \t\t\t            <\/div>\n\t\t            \n\t\t            <div class=\"address-text\">\n\t\t            \t\n\n\t\t            \t\n\n\t\t            \t\t\t            <\/div>\n\t\t        <\/div>\n\t\t\t\t\t<\/div>\n\n\t<!-- Style 1 End -->\t\n\t\t\n\t\t\t\t\t<\/div>\n\t\t\t\t<\/div>\n\t\t\t\t<div class=\"elementor-element elementor-element-2f349a1 elementor-widget elementor-widget-heading\" data-id=\"2f349a1\" data-element_type=\"widget\" data-e-type=\"widget\" data-widget_type=\"heading.default\">\n\t\t\t\t<div class=\"elementor-widget-container\">\n\t\t\t\t\t<h6 class=\"elementor-heading-title elementor-size-default\">Vous voulez en savoir plus ?\nInscrivez-vous \u00e0 notre lettre d'information !<\/h6>\t\t\t\t<\/div>\n\t\t\t\t<\/div>\n\t\t\t\t<div class=\"elementor-element elementor-element-e024d1f sg-popup-id-16664 elementor-widget elementor-widget-rs-button\" data-id=\"e024d1f\" data-element_type=\"widget\" data-e-type=\"widget\" data-widget_type=\"rs-button.default\">\n\t\t\t\t<div class=\"elementor-widget-container\">\n\t\t\t\t\t\t\n\t\t\n\t\t<div class=\"rs-btn\">\n\t\t\t\t\t\t<a class=\"readon rs_button\" href=\"https:\/\/nelsonjf.com\/fr\/contact\/\" >\t\t\t\t\n\t\t\t\t<span class=\"btn_text\">INSCRIVEZ-VOUS <\/span>\n\t\t\t\t\t\t\t\t\t<i class=\"fa fa fa-angle-right\"><\/i>\n\t\t\t\t\t\t\t<\/a>\n\t\t<\/div>    \n\t\t\t\t\t<\/div>\n\t\t\t\t<\/div>\n\t\t\t\t\t<\/div>\n\t\t<\/div>\n\t\t\t\t\t<\/div>\n\t\t<\/section>\n\t\t\t\t\t<\/div>\n\t\t<\/div>\n\t\t\t\t\t<\/div>\n\t\t<\/section>\n\t\t\t\t<\/div>\n\t\t","protected":false},"excerpt":{"rendered":"<p>Nous nous assurons que votre \u00e9quipe est bien \u00e9quip\u00e9e ! Chez NelsonJF Consulting, nous sommes sp\u00e9cialis\u00e9s dans le renforcement des capacit\u00e9s de suivi, d&#8217;\u00e9valuation et d&#8217;apprentissage des \u00e9quipes de projet et de programme, permettant aux organisations de g\u00e9rer efficacement leur impact. Nous proposons des formations sur une gamme de sujets, notamment : Les fondamentaux du&#8230;<\/p>\n","protected":false},"author":1,"featured_media":19518,"parent":0,"menu_order":0,"comment_status":"closed","ping_status":"closed","template":"","meta":{"_acf_changed":false,"om_disable_all_campaigns":false,"footnotes":""},"class_list":["post-18267","page","type-page","status-publish","has-post-thumbnail","hentry"],"acf":[],"yoast_head":"<!-- This site is optimized with the Yoast SEO plugin v27.3 - https:\/\/yoast.com\/product\/yoast-seo-wordpress\/ -->\n<title>Renforcement des capacit\u00e9s - JF Web<\/title>\n<meta name=\"robots\" content=\"index, follow, max-snippet:-1, max-image-preview:large, max-video-preview:-1\" \/>\n<link rel=\"canonical\" href=\"https:\/\/nelsonjf.com\/fr\/renforcement-des-capacites\/\" \/>\n<meta property=\"og:locale\" content=\"fr_FR\" \/>\n<meta property=\"og:type\" content=\"article\" \/>\n<meta property=\"og:title\" content=\"Renforcement des capacit\u00e9s - JF Web\" \/>\n<meta property=\"og:description\" content=\"Nous nous assurons que votre \u00e9quipe est bien \u00e9quip\u00e9e ! Chez NelsonJF Consulting, nous sommes sp\u00e9cialis\u00e9s dans le renforcement des capacit\u00e9s de suivi, d&#8217;\u00e9valuation et d&#8217;apprentissage des \u00e9quipes de projet et de programme, permettant aux organisations de g\u00e9rer efficacement leur impact. Nous proposons des formations sur une gamme de sujets, notamment : Les fondamentaux du...\" \/>\n<meta property=\"og:url\" content=\"https:\/\/nelsonjf.com\/fr\/renforcement-des-capacites\/\" \/>\n<meta property=\"og:site_name\" content=\"JF Web\" \/>\n<meta property=\"article:modified_time\" content=\"2024-05-29T11:56:52+00:00\" \/>\n<meta property=\"og:image\" content=\"https:\/\/nelsonjf.com\/wp-content\/uploads\/2024\/01\/09031002-d174-4bed-8628-312971ef00bb.jpg\" \/>\n<meta name=\"twitter:card\" content=\"summary_large_image\" \/>\n<meta name=\"twitter:label1\" content=\"Dur\u00e9e de lecture estim\u00e9e\" \/>\n\t<meta name=\"twitter:data1\" content=\"1 minute\" \/>\n<script type=\"application\/ld+json\" class=\"yoast-schema-graph\">{\"@context\":\"https:\\\/\\\/schema.org\",\"@graph\":[{\"@type\":\"WebPage\",\"@id\":\"https:\\\/\\\/nelsonjf.com\\\/fr\\\/renforcement-des-capacites\\\/\",\"url\":\"https:\\\/\\\/nelsonjf.com\\\/fr\\\/renforcement-des-capacites\\\/\",\"name\":\"Renforcement des capacit\u00e9s - JF Web\",\"isPartOf\":{\"@id\":\"https:\\\/\\\/nelsonjf.com\\\/fr\\\/#website\"},\"primaryImageOfPage\":{\"@id\":\"https:\\\/\\\/nelsonjf.com\\\/fr\\\/renforcement-des-capacites\\\/#primaryimage\"},\"image\":{\"@id\":\"https:\\\/\\\/nelsonjf.com\\\/fr\\\/renforcement-des-capacites\\\/#primaryimage\"},\"thumbnailUrl\":\"https:\\\/\\\/nelsonjf.com\\\/wp-content\\\/uploads\\\/2024\\\/04\\\/Nelson-JF-LOGO-FRENCH-02-1.png\",\"datePublished\":\"2023-07-18T21:14:18+00:00\",\"dateModified\":\"2024-05-29T11:56:52+00:00\",\"breadcrumb\":{\"@id\":\"https:\\\/\\\/nelsonjf.com\\\/fr\\\/renforcement-des-capacites\\\/#breadcrumb\"},\"inLanguage\":\"fr-FR\",\"potentialAction\":[{\"@type\":\"ReadAction\",\"target\":[\"https:\\\/\\\/nelsonjf.com\\\/fr\\\/renforcement-des-capacites\\\/\"]}]},{\"@type\":\"ImageObject\",\"inLanguage\":\"fr-FR\",\"@id\":\"https:\\\/\\\/nelsonjf.com\\\/fr\\\/renforcement-des-capacites\\\/#primaryimage\",\"url\":\"https:\\\/\\\/nelsonjf.com\\\/wp-content\\\/uploads\\\/2024\\\/04\\\/Nelson-JF-LOGO-FRENCH-02-1.png\",\"contentUrl\":\"https:\\\/\\\/nelsonjf.com\\\/wp-content\\\/uploads\\\/2024\\\/04\\\/Nelson-JF-LOGO-FRENCH-02-1.png\",\"width\":6250,\"height\":2500},{\"@type\":\"BreadcrumbList\",\"@id\":\"https:\\\/\\\/nelsonjf.com\\\/fr\\\/renforcement-des-capacites\\\/#breadcrumb\",\"itemListElement\":[{\"@type\":\"ListItem\",\"position\":1,\"name\":\"Home\",\"item\":\"https:\\\/\\\/nelsonjf.com\\\/fr\\\/\"},{\"@type\":\"ListItem\",\"position\":2,\"name\":\"Renforcement des capacit\u00e9s\"}]},{\"@type\":\"WebSite\",\"@id\":\"https:\\\/\\\/nelsonjf.com\\\/fr\\\/#website\",\"url\":\"https:\\\/\\\/nelsonjf.com\\\/fr\\\/\",\"name\":\"JF Web\",\"description\":\"My WordPress Blog\",\"publisher\":{\"@id\":\"https:\\\/\\\/nelsonjf.com\\\/fr\\\/#organization\"},\"potentialAction\":[{\"@type\":\"SearchAction\",\"target\":{\"@type\":\"EntryPoint\",\"urlTemplate\":\"https:\\\/\\\/nelsonjf.com\\\/fr\\\/?s={search_term_string}\"},\"query-input\":{\"@type\":\"PropertyValueSpecification\",\"valueRequired\":true,\"valueName\":\"search_term_string\"}}],\"inLanguage\":\"fr-FR\"},{\"@type\":\"Organization\",\"@id\":\"https:\\\/\\\/nelsonjf.com\\\/fr\\\/#organization\",\"name\":\"JF Web\",\"url\":\"https:\\\/\\\/nelsonjf.com\\\/fr\\\/\",\"logo\":{\"@type\":\"ImageObject\",\"inLanguage\":\"fr-FR\",\"@id\":\"https:\\\/\\\/nelsonjf.com\\\/fr\\\/#\\\/schema\\\/logo\\\/image\\\/\",\"url\":\"https:\\\/\\\/nelsonjf.com\\\/wp-content\\\/uploads\\\/2024\\\/04\\\/Nelson-JF-LOGO-FRENCH-02-1.png\",\"contentUrl\":\"https:\\\/\\\/nelsonjf.com\\\/wp-content\\\/uploads\\\/2024\\\/04\\\/Nelson-JF-LOGO-FRENCH-02-1.png\",\"width\":6250,\"height\":2500,\"caption\":\"JF Web\"},\"image\":{\"@id\":\"https:\\\/\\\/nelsonjf.com\\\/fr\\\/#\\\/schema\\\/logo\\\/image\\\/\"},\"sameAs\":[\"https:\\\/\\\/www.linkedin.com\\\/company\\\/nelsonjf-consulting-inc\\\/?viewAsMember=true\"]}]}<\/script>\n<!-- \/ Yoast SEO plugin. -->","yoast_head_json":{"title":"Renforcement des capacit\u00e9s - JF Web","robots":{"index":"index","follow":"follow","max-snippet":"max-snippet:-1","max-image-preview":"max-image-preview:large","max-video-preview":"max-video-preview:-1"},"canonical":"https:\/\/nelsonjf.com\/fr\/renforcement-des-capacites\/","og_locale":"fr_FR","og_type":"article","og_title":"Renforcement des capacit\u00e9s - JF Web","og_description":"Nous nous assurons que votre \u00e9quipe est bien \u00e9quip\u00e9e ! Chez NelsonJF Consulting, nous sommes sp\u00e9cialis\u00e9s dans le renforcement des capacit\u00e9s de suivi, d&#8217;\u00e9valuation et d&#8217;apprentissage des \u00e9quipes de projet et de programme, permettant aux organisations de g\u00e9rer efficacement leur impact. Nous proposons des formations sur une gamme de sujets, notamment : Les fondamentaux du...","og_url":"https:\/\/nelsonjf.com\/fr\/renforcement-des-capacites\/","og_site_name":"JF Web","article_modified_time":"2024-05-29T11:56:52+00:00","og_image":[{"url":"https:\/\/nelsonjf.com\/wp-content\/uploads\/2024\/01\/09031002-d174-4bed-8628-312971ef00bb.jpg","type":"","width":"","height":""}],"twitter_card":"summary_large_image","twitter_misc":{"Dur\u00e9e de lecture estim\u00e9e":"1 minute"},"schema":{"@context":"https:\/\/schema.org","@graph":[{"@type":"WebPage","@id":"https:\/\/nelsonjf.com\/fr\/renforcement-des-capacites\/","url":"https:\/\/nelsonjf.com\/fr\/renforcement-des-capacites\/","name":"Renforcement des capacit\u00e9s - JF Web","isPartOf":{"@id":"https:\/\/nelsonjf.com\/fr\/#website"},"primaryImageOfPage":{"@id":"https:\/\/nelsonjf.com\/fr\/renforcement-des-capacites\/#primaryimage"},"image":{"@id":"https:\/\/nelsonjf.com\/fr\/renforcement-des-capacites\/#primaryimage"},"thumbnailUrl":"https:\/\/nelsonjf.com\/wp-content\/uploads\/2024\/04\/Nelson-JF-LOGO-FRENCH-02-1.png","datePublished":"2023-07-18T21:14:18+00:00","dateModified":"2024-05-29T11:56:52+00:00","breadcrumb":{"@id":"https:\/\/nelsonjf.com\/fr\/renforcement-des-capacites\/#breadcrumb"},"inLanguage":"fr-FR","potentialAction":[{"@type":"ReadAction","target":["https:\/\/nelsonjf.com\/fr\/renforcement-des-capacites\/"]}]},{"@type":"ImageObject","inLanguage":"fr-FR","@id":"https:\/\/nelsonjf.com\/fr\/renforcement-des-capacites\/#primaryimage","url":"https:\/\/nelsonjf.com\/wp-content\/uploads\/2024\/04\/Nelson-JF-LOGO-FRENCH-02-1.png","contentUrl":"https:\/\/nelsonjf.com\/wp-content\/uploads\/2024\/04\/Nelson-JF-LOGO-FRENCH-02-1.png","width":6250,"height":2500},{"@type":"BreadcrumbList","@id":"https:\/\/nelsonjf.com\/fr\/renforcement-des-capacites\/#breadcrumb","itemListElement":[{"@type":"ListItem","position":1,"name":"Home","item":"https:\/\/nelsonjf.com\/fr\/"},{"@type":"ListItem","position":2,"name":"Renforcement des capacit\u00e9s"}]},{"@type":"WebSite","@id":"https:\/\/nelsonjf.com\/fr\/#website","url":"https:\/\/nelsonjf.com\/fr\/","name":"JF Web","description":"My WordPress Blog","publisher":{"@id":"https:\/\/nelsonjf.com\/fr\/#organization"},"potentialAction":[{"@type":"SearchAction","target":{"@type":"EntryPoint","urlTemplate":"https:\/\/nelsonjf.com\/fr\/?s={search_term_string}"},"query-input":{"@type":"PropertyValueSpecification","valueRequired":true,"valueName":"search_term_string"}}],"inLanguage":"fr-FR"},{"@type":"Organization","@id":"https:\/\/nelsonjf.com\/fr\/#organization","name":"JF Web","url":"https:\/\/nelsonjf.com\/fr\/","logo":{"@type":"ImageObject","inLanguage":"fr-FR","@id":"https:\/\/nelsonjf.com\/fr\/#\/schema\/logo\/image\/","url":"https:\/\/nelsonjf.com\/wp-content\/uploads\/2024\/04\/Nelson-JF-LOGO-FRENCH-02-1.png","contentUrl":"https:\/\/nelsonjf.com\/wp-content\/uploads\/2024\/04\/Nelson-JF-LOGO-FRENCH-02-1.png","width":6250,"height":2500,"caption":"JF Web"},"image":{"@id":"https:\/\/nelsonjf.com\/fr\/#\/schema\/logo\/image\/"},"sameAs":["https:\/\/www.linkedin.com\/company\/nelsonjf-consulting-inc\/?viewAsMember=true"]}]}},"_links":{"self":[{"href":"https:\/\/nelsonjf.com\/fr\/wp-json\/wp\/v2\/pages\/18267","targetHints":{"allow":["GET"]}}],"collection":[{"href":"https:\/\/nelsonjf.com\/fr\/wp-json\/wp\/v2\/pages"}],"about":[{"href":"https:\/\/nelsonjf.com\/fr\/wp-json\/wp\/v2\/types\/page"}],"author":[{"embeddable":true,"href":"https:\/\/nelsonjf.com\/fr\/wp-json\/wp\/v2\/users\/1"}],"replies":[{"embeddable":true,"href":"https:\/\/nelsonjf.com\/fr\/wp-json\/wp\/v2\/comments?post=18267"}],"version-history":[{"count":16,"href":"https:\/\/nelsonjf.com\/fr\/wp-json\/wp\/v2\/pages\/18267\/revisions"}],"predecessor-version":[{"id":19769,"href":"https:\/\/nelsonjf.com\/fr\/wp-json\/wp\/v2\/pages\/18267\/revisions\/19769"}],"wp:featuredmedia":[{"embeddable":true,"href":"https:\/\/nelsonjf.com\/fr\/wp-json\/wp\/v2\/media\/19518"}],"wp:attachment":[{"href":"https:\/\/nelsonjf.com\/fr\/wp-json\/wp\/v2\/media?parent=18267"}],"curies":[{"name":"wp","href":"https:\/\/api.w.org\/{rel}","templated":true}]}}